{"id":265,"date":"2026-01-02T20:51:21","date_gmt":"2026-01-02T19:51:21","guid":{"rendered":"https:\/\/www.interaxo.cz\/admin\/?page_id=265"},"modified":"2026-04-28T12:28:28","modified_gmt":"2026-04-28T10:28:28","slug":"contact","status":"publish","type":"page","link":"https:\/\/www.interaxo.cz\/it\/contact\/","title":{"rendered":"Kontakt"},"content":{"rendered":"<div data-elementor-type=\"wp-page\" data-elementor-id=\"265\" class=\"elementor elementor-265\" data-elementor-post-type=\"page\">\n\t\t\t\t<div class=\"elementor-element elementor-element-4e082fd8 e-con-full e-flex e-con e-parent\" data-id=\"4e082fd8\" data-element_type=\"container\">\n\t\t\t\t<div class=\"elementor-element elementor-element-07a6f95 elementor-widget elementor-widget-google_maps\" data-id=\"07a6f95\" data-element_type=\"widget\" data-widget_type=\"google_maps.default\">\n\t\t\t\t\t\t\t<div class=\"elementor-custom-embed\">\n\t\t\t<iframe loading=\"lazy\"\n\t\t\t\t\tsrc=\"https:\/\/maps.google.com\/maps?q=Komensk%C3%A9ho%201014%2033023%20N%C3%BD%C5%99any%20%C4%8Cesko&#038;t=m&#038;z=10&#038;output=embed&#038;iwloc=near\"\n\t\t\t\t\ttitle=\"Komensk\u00e9ho 1014 33023 N\u00fd\u0159any Repubblica Ceca\"\n\t\t\t\t\taria-label=\"Komensk\u00e9ho 1014 33023 N\u00fd\u0159any Repubblica Ceca\"\n\t\t\t><\/iframe>\n\t\t<\/div>\n\t\t\t\t\t\t<\/div>\n\t\t\t\t<\/div>\n\t\t<div class=\"elementor-element elementor-element-667b00f6 e-flex e-con-boxed e-con e-parent\" data-id=\"667b00f6\" data-element_type=\"container\">\n\t\t\t\t\t<div class=\"e-con-inner\">\n\t\t<div class=\"elementor-element elementor-element-1e945511 e-con-full e-flex elementor-invisible e-con e-child\" data-id=\"1e945511\" data-element_type=\"container\" data-settings=\"{&quot;animation&quot;:&quot;fadeInUp&quot;,&quot;animation_delay&quot;:200}\">\n\t\t\t\t<div class=\"elementor-element elementor-element-5132ced0 elementor-widget elementor-widget-elementskit-heading\" data-id=\"5132ced0\" data-element_type=\"widget\" data-widget_type=\"elementskit-heading.default\">\n\t\t\t\t\t<div class=\"ekit-wid-con\" ><div class=\"ekit-heading elementskit-section-title-wraper text_left   ekit_heading_tablet-   ekit_heading_mobile-\"><h2 class=\"ekit-heading--title elementskit-section-title\">Hai bisogno di aiuto con il tuo progetto?<\/h2>\t\t\t\t<div class='ekit-heading__description'>\n\t\t\t\t\t<p>Dall'idea alla realizzazione: forniamo soluzioni affidabili e di alta qualit\u00e0 su misura per le vostre esigenze.<\/p>\n\t\t\t\t<\/div>\n\t\t\t<\/div><\/div>\t\t\t\t<\/div>\n\t\t\t\t<div class=\"elementor-element elementor-element-1c68abb3 elementor-widget__width-inherit ekit-equal-height-disable elementor-widget elementor-widget-elementskit-icon-box\" data-id=\"1c68abb3\" data-element_type=\"widget\" data-widget_type=\"elementskit-icon-box.default\">\n\t\t\t\t\t<div class=\"ekit-wid-con\" >        <!-- link opening -->\n                <a href=\"#\" class=\"ekit_global_links\">\n                <!-- end link opening -->\n\n        <div class=\"elementskit-infobox text- text-left icon-lef-right-aligin elementor-animation- media\">\n                    <div class=\"elementskit-box-header elementor-animation-\">\n                <div class=\"elementskit-info-box-icon  text-center\">\n                    <svg class=\"elementkit-infobox-icon ekit-svg-icon icon-home\" viewbox=\"0 0 32 32\" xmlns=\"http:\/\/www.w3.org\/2000\/svg\"><path d=\"M31.793 19.463l-14.127-15.614c-0.439-0.485-1.031-0.753-1.667-0.753-0 0 0 0 0 0-0.636 0-1.228 0.267-1.667 0.753l-14.127 15.614c-0.296 0.328-0.271 0.834 0.056 1.13 0.153 0.139 0.345 0.207 0.536 0.207 0.218 0 0.436-0.089 0.594-0.263l3.407-3.765v12.829c0 1.323 1.077 2.4 2.4 2.4h17.6c1.323 0 2.4-1.077 2.4-2.4v-12.829l3.407 3.765c0.296 0.328 0.802 0.353 1.13 0.056s0.353-0.802 0.056-1.13zM19.2 30.4h-6.4v-7.2c0-0.441 0.359-0.8 0.8-0.8h4.8c0.441 0 0.8 0.359 0.8 0.8v7.2zM25.6 29.6c0 0.441-0.359 0.8-0.8 0.8h-4v-7.2c0-1.323-1.077-2.4-2.4-2.4h-4.8c-1.323 0-2.4 1.077-2.4 2.4v7.2h-4c-0.441 0-0.8-0.359-0.8-0.8v-14.597l9.12-10.080c0.132-0.146 0.303-0.226 0.48-0.226s0.348 0.080 0.48 0.226l9.12 10.080v14.597z\"><\/path><\/svg>\n                <\/div>\n          <\/div>\n                        <div class=\"box-body\">\n                            <h3 class=\"elementskit-info-box-title\">\n                    Komensk\u00e9ho 1014 33023 N\u00fd\u0159any Repubblica Ceca                <\/h3>\n                                            <\/div>\n        \n        \n                <\/div>\n                <\/a>\n        <\/div>\t\t\t\t<\/div>\n\t\t\t\t<div class=\"elementor-element elementor-element-7e4db6b4 elementor-widget__width-inherit ekit-equal-height-disable elementor-widget elementor-widget-elementskit-icon-box\" data-id=\"7e4db6b4\" data-element_type=\"widget\" data-widget_type=\"elementskit-icon-box.default\">\n\t\t\t\t\t<div class=\"ekit-wid-con\" >        <!-- link opening -->\n                <!-- end link opening -->\n\n        <div class=\"elementskit-infobox text- text-left icon-lef-right-aligin elementor-animation- media\">\n                    <div class=\"elementskit-box-header elementor-animation-\">\n                <div class=\"elementskit-info-box-icon  text-center\">\n                    <svg class=\"elementkit-infobox-icon ekit-svg-icon icon-envelope1\" viewbox=\"0 0 32 32\" xmlns=\"http:\/\/www.w3.org\/2000\/svg\"><path d=\"M28 9.6h-25.6c-1.323 0-2.4 1.077-2.4 2.4v14.4c0 1.323 1.077 2.4 2.4 2.4h25.6c1.323 0 2.4-1.077 2.4-2.4v-14.4c0-1.323-1.077-2.4-2.4-2.4zM28 11.2c0.047 0 0.093 0.005 0.139 0.013l-12.051 8.034c-0.464 0.31-1.311 0.31-1.775 0l-12.051-8.034c0.045-0.008 0.091-0.013 0.139-0.013h25.6zM28 27.2h-25.6c-0.441 0-0.8-0.359-0.8-0.8v-13.705l11.825 7.883c0.498 0.332 1.136 0.498 1.775 0.498s1.277-0.166 1.775-0.498l11.825-7.883v13.705c0 0.441-0.359 0.8-0.8 0.8z\"><\/path><\/svg>\n                <\/div>\n          <\/div>\n                        <div class=\"box-body\">\n                            <h3 class=\"elementskit-info-box-title\">\n                    info@interaxo.cz                <\/h3>\n                                            <\/div>\n        \n        \n                <\/div>\n        <\/div>\t\t\t\t<\/div>\n\t\t\t\t<div class=\"elementor-element elementor-element-2d4a7678 elementor-widget__width-inherit ekit-equal-height-disable elementor-widget elementor-widget-elementskit-icon-box\" data-id=\"2d4a7678\" data-element_type=\"widget\" data-widget_type=\"elementskit-icon-box.default\">\n\t\t\t\t\t<div class=\"ekit-wid-con\" >        <!-- link opening -->\n                <a href=\"#\" class=\"ekit_global_links\">\n                <!-- end link opening -->\n\n        <div class=\"elementskit-infobox text- text-left icon-lef-right-aligin elementor-animation- media\">\n                    <div class=\"elementskit-box-header elementor-animation-\">\n                <div class=\"elementskit-info-box-icon  text-center\">\n                    <svg class=\"elementkit-infobox-icon ekit-svg-icon icon-phone\" viewbox=\"0 0 32 32\" xmlns=\"http:\/\/www.w3.org\/2000\/svg\"><path d=\"M28.631 14.235c-1.665 0-4.684-0.6-5.625-1.541-0.577-0.577-0.714-1.301-0.824-1.883-0.136-0.717-0.217-0.93-0.532-1.065-1.444-0.62-3.514-0.976-5.681-0.976-2.144 0-4.193 0.35-5.619 0.959-0.311 0.133-0.391 0.345-0.523 1.061-0.108 0.584-0.243 1.31-0.82 1.887-0.525 0.525-1.624 0.886-2.454 1.096-1.069 0.271-2.214 0.426-3.141 0.426-1.062 0-1.78-0.202-2.196-0.617-0.626-0.626-1.025-1.481-1.095-2.348-0.059-0.73 0.081-1.812 1.088-2.819 1.635-1.635 3.834-2.91 6.537-3.789 2.486-0.809 5.315-1.236 8.183-1.236 2.887 0 5.74 0.433 8.25 1.251 2.728 0.89 4.948 2.178 6.599 3.828 1.68 1.68 1.264 3.909 0.020 5.154-0.412 0.412-1.12 0.612-2.167 0.612zM15.968 7.169c2.411 0 4.653 0.393 6.313 1.106 1.141 0.49 1.332 1.5 1.472 2.237 0.084 0.441 0.156 0.821 0.384 1.050 0.404 0.404 2.73 1.073 4.494 1.073 0.77 0 1.012-0.132 1.044-0.151 0.495-0.502 1.117-1.738-0.028-2.883-2.887-2.887-8.015-4.611-13.718-4.611-5.655 0-10.735 1.703-13.588 4.557-0.461 0.461-0.671 0.985-0.625 1.558 0.039 0.483 0.272 0.983 0.625 1.338 0.030 0.019 0.276 0.156 1.072 0.156 1.758 0 4.066-0.658 4.463-1.054 0.226-0.226 0.296-0.606 0.378-1.047 0.137-0.739 0.325-1.752 1.468-2.24 1.642-0.702 3.861-1.088 6.248-1.088zM26.4 28.8h-20.8c-1.073 0-2.064-0.422-2.789-1.189s-1.092-1.779-1.032-2.851c0.007-0.123 0.188-3.041 2.032-5.983 1.091-1.74 2.537-3.128 4.298-4.123 2.177-1.23 4.832-1.854 7.891-1.854s5.714 0.624 7.891 1.854c1.761 0.996 3.207 2.383 4.298 4.123 1.844 2.942 2.025 5.86 2.032 5.983 0.059 1.072-0.307 2.084-1.032 2.851s-1.716 1.189-2.789 1.189zM16 14.4c-4.987 0-8.621 1.74-10.799 5.173-1.648 2.596-1.823 5.251-1.825 5.278-0.035 0.627 0.177 1.217 0.597 1.661s0.998 0.688 1.627 0.688h20.8c0.629 0 1.207-0.244 1.627-0.688s0.632-1.034 0.597-1.662c-0.001-0.025-0.177-2.68-1.825-5.276-2.179-3.433-5.812-5.173-10.799-5.173zM16 25.6c-2.647 0-4.8-2.153-4.8-4.8s2.153-4.8 4.8-4.8 4.8 2.153 4.8 4.8-2.153 4.8-4.8 4.8zM16 17.6c-1.764 0-3.2 1.436-3.2 3.2s1.435 3.2 3.2 3.2c1.764 0 3.2-1.436 3.2-3.2s-1.436-3.2-3.2-3.2z\"><\/path><\/svg>\n                <\/div>\n          <\/div>\n                        <div class=\"box-body\">\n                            <h3 class=\"elementskit-info-box-title\">\n                    XXXXXXXXXXXX                <\/h3>\n                                            <\/div>\n        \n        \n                <\/div>\n                <\/a>\n        <\/div>\t\t\t\t<\/div>\n\t\t\t\t<\/div>\n\t\t<div class=\"elementor-element elementor-element-7a3d337 e-con-full e-flex elementor-invisible e-con e-child\" data-id=\"7a3d337\" data-element_type=\"container\" data-settings=\"{&quot;animation&quot;:&quot;fadeInUp&quot;,&quot;animation_delay&quot;:200}\">\n\t\t\t\t<div class=\"elementor-element elementor-element-b301ec2 elementor-widget elementor-widget-elementskit-contact-form7\" data-id=\"b301ec2\" data-element_type=\"widget\" data-widget_type=\"elementskit-contact-form7.default\">\n\t\t\t\t\t<div class=\"ekit-wid-con\" ><div class=\"ekit-form\">\n<div class=\"wpcf7 no-js\" id=\"wpcf7-f8-p265-o1\" lang=\"sk-SK\" dir=\"ltr\" data-wpcf7-id=\"8\">\n<div class=\"screen-reader-response\"><p role=\"status\" aria-live=\"polite\" aria-atomic=\"true\"><\/p> <ul><\/ul><\/div>\n<form action=\"\/it\/contact\/#wpcf7-f8-p265-o1\" method=\"post\" class=\"wpcf7-form init\" aria-label=\"Kontaktformular\" novalidate=\"novalidate\" data-status=\"init\" data-no-translation-aria-label=\"\" data-trp-original-action=\"\/de\/contact\/#wpcf7-f8-p265-o1\">\n<fieldset class=\"hidden-fields-container\"><input type=\"hidden\" name=\"_wpcf7\" value=\"8\" \/><input type=\"hidden\" name=\"_wpcf7_version\" value=\"6.1.4\" \/><input type=\"hidden\" name=\"_wpcf7_locale\" value=\"sk_SK\" \/><input type=\"hidden\" name=\"_wpcf7_unit_tag\" value=\"wpcf7-f8-p265-o1\" \/><input type=\"hidden\" name=\"_wpcf7_container_post\" value=\"265\" \/><input type=\"hidden\" name=\"_wpcf7_posted_data_hash\" value=\"\" \/>\n<\/fieldset>\n<p><label>Il tuo nome<br \/>\n<span class=\"wpcf7-form-control-wrap\" data-name=\"your-name\"><input size=\"40\" maxlength=\"400\" class=\"wpcf7-form-control wpcf7-text wpcf7-validates-as-required\" aria-required=\"true\" aria-invalid=\"false\" value=\"\" type=\"text\" name=\"your-name\" \/><\/span><br \/>\n<\/label>\n<\/p>\n<p><label>Il tuo cognome<br \/>\n<span class=\"wpcf7-form-control-wrap\" data-name=\"your-surname\"><input size=\"40\" maxlength=\"400\" class=\"wpcf7-form-control wpcf7-text wpcf7-validates-as-required\" aria-required=\"true\" aria-invalid=\"false\" value=\"\" type=\"text\" name=\"your-surname\" \/><\/span><br \/>\n<\/label>\n<\/p>\n<p><label>Your email<br \/>\n<span class=\"wpcf7-form-control-wrap\" data-name=\"your-email\"><input size=\"40\" maxlength=\"400\" class=\"wpcf7-form-control wpcf7-email wpcf7-validates-as-required wpcf7-text wpcf7-validates-as-email\" aria-required=\"true\" aria-invalid=\"false\" value=\"\" type=\"email\" name=\"your-email\" \/><\/span><br \/>\n<\/label>\n<\/p>\n<p><label>A quale servizio sei interessato?<br \/>\n<span class=\"wpcf7-form-control-wrap\" data-name=\"your-service\"><select class=\"wpcf7-form-control wpcf7-select wpcf7-validates-as-required\" aria-required=\"true\" aria-invalid=\"false\" name=\"your-service\"><option value=\"Please select an option\">Please select an option<\/option><option value=\"Interior Installation\">Interior Installation<\/option><option value=\"Kitchen Assembly\">Kitchen Assembly<\/option><option value=\"Custom Installations\">Custom Installations<\/option><\/select><\/span><br \/>\n<\/label>\n<\/p>\n<p><label>Il tuo messaggio<br \/>\n<span class=\"wpcf7-form-control-wrap\" data-name=\"your-message\"><textarea cols=\"40\" rows=\"10\" maxlength=\"2000\" class=\"wpcf7-form-control wpcf7-textarea\" aria-invalid=\"false\" name=\"your-message\"><\/textarea><\/span><br \/>\n<\/label>\n<\/p>\n<p><input class=\"wpcf7-form-control wpcf7-submit has-spinner\" type=\"submit\" value=\"Invia\" \/>\n<\/p><div class=\"wpcf7-response-output\" aria-hidden=\"true\"><\/div>\n<input type=\"hidden\" name=\"trp-form-language\" value=\"it\"\/><\/form>\n<\/div>\n<\/div><\/div>\t\t\t\t<\/div>\n\t\t\t\t<\/div>\n\t\t\t\t\t<\/div>\n\t\t\t\t<\/div>\n\t\t\t\t<\/div>","protected":false},"excerpt":{"rendered":"<p>Need help with your project? From idea to realization \u2013 we deliver reliable, high-quality solutions tailored to your needs. Komensk\u00e9ho 1014 33023 N\u00fd\u0159any Czechia info@interaxo.cz XXXXXXXXXXXX Your name Your surname Your email Which service are you interested in? Please select an optionInterior InstallationKitchen AssemblyCustom Installations Your message<\/p>","protected":false},"author":1,"featured_media":0,"parent":0,"menu_order":0,"comment_status":"closed","ping_status":"closed","template":"","meta":{"footnotes":""},"class_list":["post-265","page","type-page","status-publish","hentry"],"_links":{"self":[{"href":"https:\/\/www.interaxo.cz\/it\/wp-json\/wp\/v2\/pages\/265","targetHints":{"allow":["GET"]}}],"collection":[{"href":"https:\/\/www.interaxo.cz\/it\/wp-json\/wp\/v2\/pages"}],"about":[{"href":"https:\/\/www.interaxo.cz\/it\/wp-json\/wp\/v2\/types\/page"}],"author":[{"embeddable":true,"href":"https:\/\/www.interaxo.cz\/it\/wp-json\/wp\/v2\/users\/1"}],"replies":[{"embeddable":true,"href":"https:\/\/www.interaxo.cz\/it\/wp-json\/wp\/v2\/comments?post=265"}],"version-history":[{"count":59,"href":"https:\/\/www.interaxo.cz\/it\/wp-json\/wp\/v2\/pages\/265\/revisions"}],"predecessor-version":[{"id":1147,"href":"https:\/\/www.interaxo.cz\/it\/wp-json\/wp\/v2\/pages\/265\/revisions\/1147"}],"wp:attachment":[{"href":"https:\/\/www.interaxo.cz\/it\/wp-json\/wp\/v2\/media?parent=265"}],"curies":[{"name":"wp","href":"https:\/\/api.w.org\/{rel}","templated":true}]}}