{"id":476,"date":"2026-01-08T18:28:34","date_gmt":"2026-01-08T17:28:34","guid":{"rendered":"https:\/\/www.interaxo.cz\/admin\/?page_id=476"},"modified":"2026-03-24T08:55:19","modified_gmt":"2026-03-24T07:55:19","slug":"projects","status":"publish","type":"page","link":"https:\/\/www.interaxo.cz\/fr\/projects\/","title":{"rendered":"Projets"},"content":{"rendered":"<div data-elementor-type=\"wp-page\" data-elementor-id=\"476\" class=\"elementor elementor-476\" data-elementor-post-type=\"page\">\n\t\t\t\t<div class=\"elementor-element elementor-element-53af21f e-flex e-con-boxed e-con e-parent\" data-id=\"53af21f\" data-element_type=\"container\">\n\t\t\t\t\t<div class=\"e-con-inner\">\n\t\t\t\t<div class=\"elementor-element elementor-element-cf976e3 elementor-widget elementor-widget-elementskit-heading\" data-id=\"cf976e3\" data-element_type=\"widget\" data-widget_type=\"elementskit-heading.default\">\n\t\t\t\t\t<div class=\"ekit-wid-con\" ><div class=\"ekit-heading elementskit-section-title-wraper text_center   ekit_heading_tablet-   ekit_heading_mobile-\"><h2 class=\"ekit-heading--title elementskit-section-title\">\u00c0 propos de nos projets<\/h2><div class=\"ekit_heading_separetor_wraper ekit_heading_elementskit-border-divider ekit-dotted\"><div class=\"elementskit-border-divider ekit-dotted\"><\/div><\/div>\t\t\t\t<div class='ekit-heading__description'>\n\t\t\t\t\t<p>Vous trouverez ici nos projets et r\u00e9alisations en cours ou d\u00e9j\u00e0 achev\u00e9s.<\/p>\n\t\t\t\t<\/div>\n\t\t\t<\/div><\/div>\t\t\t\t<\/div>\n\t\t\t\t\t<\/div>\n\t\t\t\t<\/div>\n\t\t<div class=\"elementor-element elementor-element-549b4d5 e-flex e-con-boxed e-con e-parent\" data-id=\"549b4d5\" data-element_type=\"container\">\n\t\t\t\t\t<div class=\"e-con-inner\">\n\t\t\t\t<div class=\"elementor-element elementor-element-1477655 elementor-widget elementor-widget-spacer\" data-id=\"1477655\" data-element_type=\"widget\" data-widget_type=\"spacer.default\">\n\t\t\t\t\t\t\t<div class=\"elementor-spacer\">\n\t\t\t<div class=\"elementor-spacer-inner\"><\/div>\n\t\t<\/div>\n\t\t\t\t\t\t<\/div>\n\t\t\t\t\t<\/div>\n\t\t\t\t<\/div>\n\t\t<div class=\"elementor-element elementor-element-258b34db e-con-full e-flex e-con e-parent\" data-id=\"258b34db\" data-element_type=\"container\" id=\"xs_blog_light_post_img_2\" data-settings=\"{&quot;background_background&quot;:&quot;classic&quot;}\">\n\t\t\t\t<div class=\"elementor-element elementor-element-1de44a13 elementor-widget__width-initial elementor-widget elementor-widget-elementskit-blog-posts\" data-id=\"1de44a13\" data-element_type=\"widget\" data-widget_type=\"elementskit-blog-posts.default\">\n\t\t\t\t\t<div class=\"ekit-wid-con\" >        <div id=\"post-items--1de44a13\" class=\"row post-items\">\n                    <div class=\"col-lg-4 col-md-6\">\n\n                                    <div class=\"elementskit-post-image-card\">\n                        <div class=\"elementskit-entry-header\">\n                                                            <a href=\"https:\/\/www.interaxo.cz\/fr\/modern-interior-for-everyday-use\/\" class=\"elementskit-entry-thumb\">\n                                    <img decoding=\"async\" src=\"https:\/\/www.interaxo.cz\/wp-content\/uploads\/2026\/01\/ChatGPT-Image-26.-1.-2026-18_59_21-1024x683.png\" alt=\"Modern interior for everyday use\">\n                                <\/a><!-- .elementskit-entry-thumb END -->\n                                                            \n                            \n\t\t\t\t\t\t\t\t\t\t\t\t\t<\/div><!-- .elementskit-entry-header END -->\n\n\t\t\t\t\t\t<div class=\"elementskit-post-body\">\n\t\t\t\t\t\t\t\n\t\t\t\t\t\t\t\t\t\t\t\t\t\t\t\t\t\t\t\t\t\t\t\t\t\t\t\t<div class=\"post-meta-list\">\n\t\t\t\t\t\t\t\t\t\t\t\t\t\t\t\t\t\t\t\t\t\t\t\t\t\t\t\t\t\t\t\t<span class=\"meta-date\">\n\t\t\t\t\t\t\t\t\t\t<svg class=\"ekit-svg-icon icon-calendar3\" viewbox=\"0 0 32 32\" xmlns=\"http:\/\/www.w3.org\/2000\/svg\"><path d=\"M30.831 6.246c-0.209-1.012-0.698-1.919-1.396-2.617-0.209-0.209-0.454-0.419-0.733-0.593l-0.035-0.035c-0.035-0.035-0.070-0.035-0.105-0.070-0.105-0.070-0.209-0.14-0.314-0.174h-0.035c-0.733-0.384-1.535-0.593-2.443-0.593h-2.164v-1.501c0-0.349-0.279-0.663-0.663-0.663-0.349 0-0.663 0.279-0.663 0.663v1.431h-12.528v-1.431c0-0.349-0.314-0.663-0.663-0.663s-0.663 0.279-0.663 0.663v1.431h-2.164c-0.663 0-1.326 0.14-1.919 0.384-0.663 0.279-1.256 0.663-1.745 1.152-0.279 0.279-0.523 0.593-0.733 0.907-0.209 0.349-0.384 0.698-0.523 1.082-0.070 0.209-0.14 0.419-0.174 0.628-0.070 0.349-0.105 0.698-0.105 1.047v19.577c0 1.431 0.593 2.722 1.501 3.629 0.942 0.942 2.233 1.501 3.629 1.501h19.612c1.431 0 2.722-0.593 3.629-1.501 0.942-0.942 1.501-2.233 1.501-3.629v-19.577c0-0.349-0.035-0.698-0.105-1.047zM2.425 7.258c0-0.279 0.035-0.523 0.070-0.768s0.14-0.489 0.209-0.733c0.14-0.314 0.314-0.593 0.489-0.838 0.105-0.14 0.209-0.244 0.314-0.384 0.209-0.209 0.454-0.384 0.698-0.558 0.593-0.349 1.256-0.558 1.989-0.558h2.164v1.431c0 0.349 0.279 0.663 0.663 0.663 0.349 0 0.663-0.279 0.663-0.663v-1.431h12.702v1.431c0 0.349 0.279 0.663 0.663 0.663 0.349 0 0.663-0.279 0.663-0.663v-1.431h2.164c0.733 0 1.431 0.209 1.989 0.558 0.244 0.174 0.489 0.349 0.698 0.558 0.523 0.523 0.907 1.186 1.047 1.954 0.035 0.244 0.070 0.523 0.070 0.768v2.862h-27.254v-2.861zM29.714 26.835c0 1.082-0.419 2.059-1.117 2.757s-1.675 1.117-2.722 1.117h-19.612c-1.047 0-2.024-0.419-2.722-1.117s-1.117-1.675-1.117-2.722v-15.459h27.289v15.424z\"><\/path><\/svg>\t\t\t\t\t\t\t\t\t\t<span class=\"meta-date-text\">\n\t\t\t\t\t\t\t\t\t\t\t26. janvier 2026\t\t\t\t\t\t\t\t\t\t<\/span>\n\t\t\t\t\t\t\t\t\t<\/span>\n\t\t\t\t\t\t\t\t\t\t\t\t\t\t\t\t\t\t\t\t\t\t\t\t\t\t\t\t\t\t\t\t\t\t\t\t\t<\/div>\n\t\t\t\t\t\t\t\t\t\t\t\t\t\n\t\t\t\t\t\t\t\t\n\t\t\t\t\t\t\t\t\t\t\t\t\t\t\t\t\t\t\t\t\t<h2 class=\"entry-title\">\n\t\t\t\t\t<a href=\"https:\/\/www.interaxo.cz\/fr\/modern-interior-for-everyday-use\/\">\n\t\t\t\t\t\tInt\u00e9rieur moderne pour un usage quotidien\t\t\t\t\t<\/a>\n\t\t\t\t<\/h2>\n\t\t\t\t\t\t\t\t\t\t\t\t\t\t\t\t\t\t\t\t\t\t\t\t\t\t\t\t\t\t\t\t                                                            <div class=\"btn-wraper\">\n                                                                            <a class=\"elementskit-btn whitespace--normal\" id=\"\" href=\"https:\/\/www.interaxo.cz\/fr\/modern-interior-for-everyday-use\/\">\n                                            Afficher plus                                                                                    <\/a>\n                                    \n                                                                    <\/div>\n                                                    <\/div><!-- .elementskit-post-body END -->\n                    <\/div>\n                \n            <\/div>\n                    <div class=\"col-lg-4 col-md-6\">\n\n                                    <div class=\"elementskit-post-image-card\">\n                        <div class=\"elementskit-entry-header\">\n                                                            <a href=\"https:\/\/www.interaxo.cz\/fr\/interior-restaurant-space-solution\/\" class=\"elementskit-entry-thumb\">\n                                    <img decoding=\"async\" src=\"https:\/\/www.interaxo.cz\/wp-content\/uploads\/2025\/12\/WhatsApp-Image-2025-12-23-at-13.15.21-14-1024x768.jpeg\" alt=\"Interior-Restaurant-Space-Solution\">\n                                <\/a><!-- .elementskit-entry-thumb END -->\n                                                            \n                            \n\t\t\t\t\t\t\t\t\t\t\t\t\t<\/div><!-- .elementskit-entry-header END -->\n\n\t\t\t\t\t\t<div class=\"elementskit-post-body\">\n\t\t\t\t\t\t\t\n\t\t\t\t\t\t\t\t\t\t\t\t\t\t\t\t\t\t\t\t\t\t\t\t\t\t\t\t<div class=\"post-meta-list\">\n\t\t\t\t\t\t\t\t\t\t\t\t\t\t\t\t\t\t\t\t\t\t\t\t\t\t\t\t\t\t\t\t<span class=\"meta-date\">\n\t\t\t\t\t\t\t\t\t\t<svg class=\"ekit-svg-icon icon-calendar3\" viewbox=\"0 0 32 32\" xmlns=\"http:\/\/www.w3.org\/2000\/svg\"><path d=\"M30.831 6.246c-0.209-1.012-0.698-1.919-1.396-2.617-0.209-0.209-0.454-0.419-0.733-0.593l-0.035-0.035c-0.035-0.035-0.070-0.035-0.105-0.070-0.105-0.070-0.209-0.14-0.314-0.174h-0.035c-0.733-0.384-1.535-0.593-2.443-0.593h-2.164v-1.501c0-0.349-0.279-0.663-0.663-0.663-0.349 0-0.663 0.279-0.663 0.663v1.431h-12.528v-1.431c0-0.349-0.314-0.663-0.663-0.663s-0.663 0.279-0.663 0.663v1.431h-2.164c-0.663 0-1.326 0.14-1.919 0.384-0.663 0.279-1.256 0.663-1.745 1.152-0.279 0.279-0.523 0.593-0.733 0.907-0.209 0.349-0.384 0.698-0.523 1.082-0.070 0.209-0.14 0.419-0.174 0.628-0.070 0.349-0.105 0.698-0.105 1.047v19.577c0 1.431 0.593 2.722 1.501 3.629 0.942 0.942 2.233 1.501 3.629 1.501h19.612c1.431 0 2.722-0.593 3.629-1.501 0.942-0.942 1.501-2.233 1.501-3.629v-19.577c0-0.349-0.035-0.698-0.105-1.047zM2.425 7.258c0-0.279 0.035-0.523 0.070-0.768s0.14-0.489 0.209-0.733c0.14-0.314 0.314-0.593 0.489-0.838 0.105-0.14 0.209-0.244 0.314-0.384 0.209-0.209 0.454-0.384 0.698-0.558 0.593-0.349 1.256-0.558 1.989-0.558h2.164v1.431c0 0.349 0.279 0.663 0.663 0.663 0.349 0 0.663-0.279 0.663-0.663v-1.431h12.702v1.431c0 0.349 0.279 0.663 0.663 0.663 0.349 0 0.663-0.279 0.663-0.663v-1.431h2.164c0.733 0 1.431 0.209 1.989 0.558 0.244 0.174 0.489 0.349 0.698 0.558 0.523 0.523 0.907 1.186 1.047 1.954 0.035 0.244 0.070 0.523 0.070 0.768v2.862h-27.254v-2.861zM29.714 26.835c0 1.082-0.419 2.059-1.117 2.757s-1.675 1.117-2.722 1.117h-19.612c-1.047 0-2.024-0.419-2.722-1.117s-1.117-1.675-1.117-2.722v-15.459h27.289v15.424z\"><\/path><\/svg>\t\t\t\t\t\t\t\t\t\t<span class=\"meta-date-text\">\n\t\t\t\t\t\t\t\t\t\t\t22. janvier 2026\t\t\t\t\t\t\t\t\t\t<\/span>\n\t\t\t\t\t\t\t\t\t<\/span>\n\t\t\t\t\t\t\t\t\t\t\t\t\t\t\t\t\t\t\t\t\t\t\t\t\t\t\t\t\t\t\t\t\t\t\t\t\t<\/div>\n\t\t\t\t\t\t\t\t\t\t\t\t\t\n\t\t\t\t\t\t\t\t\n\t\t\t\t\t\t\t\t\t\t\t\t\t\t\t\t\t\t\t\t\t<h2 class=\"entry-title\">\n\t\t\t\t\t<a href=\"https:\/\/www.interaxo.cz\/fr\/interior-restaurant-space-solution\/\">\n\t\t\t\t\t\tSolution d'am\u00e9nagement int\u00e9rieur pour restaurant\t\t\t\t\t<\/a>\n\t\t\t\t<\/h2>\n\t\t\t\t\t\t\t\t\t\t\t\t\t\t\t\t\t\t\t\t\t\t\t\t\t\t\t\t\t\t\t\t                                                            <div class=\"btn-wraper\">\n                                                                            <a class=\"elementskit-btn whitespace--normal\" id=\"\" href=\"https:\/\/www.interaxo.cz\/fr\/interior-restaurant-space-solution\/\">\n                                            Afficher plus                                                                                    <\/a>\n                                    \n                                                                    <\/div>\n                                                    <\/div><!-- .elementskit-post-body END -->\n                    <\/div>\n                \n            <\/div>\n                    <div class=\"col-lg-4 col-md-6\">\n\n                                    <div class=\"elementskit-post-image-card\">\n                        <div class=\"elementskit-entry-header\">\n                                                            <a href=\"https:\/\/www.interaxo.cz\/fr\/showroom\/\" class=\"elementskit-entry-thumb\">\n                                    <img decoding=\"async\" src=\"https:\/\/www.interaxo.cz\/wp-content\/uploads\/2025\/12\/WhatsApp-Image-2025-12-23-at-13.07.47-2-1024x768.jpeg\" alt=\"ShowRoom\">\n                                <\/a><!-- .elementskit-entry-thumb END -->\n                                                            \n                            \n\t\t\t\t\t\t\t\t\t\t\t\t\t<\/div><!-- .elementskit-entry-header END -->\n\n\t\t\t\t\t\t<div class=\"elementskit-post-body\">\n\t\t\t\t\t\t\t\n\t\t\t\t\t\t\t\t\t\t\t\t\t\t\t\t\t\t\t\t\t\t\t\t\t\t\t\t<div class=\"post-meta-list\">\n\t\t\t\t\t\t\t\t\t\t\t\t\t\t\t\t\t\t\t\t\t\t\t\t\t\t\t\t\t\t\t\t<span class=\"meta-date\">\n\t\t\t\t\t\t\t\t\t\t<svg class=\"ekit-svg-icon icon-calendar3\" viewbox=\"0 0 32 32\" xmlns=\"http:\/\/www.w3.org\/2000\/svg\"><path d=\"M30.831 6.246c-0.209-1.012-0.698-1.919-1.396-2.617-0.209-0.209-0.454-0.419-0.733-0.593l-0.035-0.035c-0.035-0.035-0.070-0.035-0.105-0.070-0.105-0.070-0.209-0.14-0.314-0.174h-0.035c-0.733-0.384-1.535-0.593-2.443-0.593h-2.164v-1.501c0-0.349-0.279-0.663-0.663-0.663-0.349 0-0.663 0.279-0.663 0.663v1.431h-12.528v-1.431c0-0.349-0.314-0.663-0.663-0.663s-0.663 0.279-0.663 0.663v1.431h-2.164c-0.663 0-1.326 0.14-1.919 0.384-0.663 0.279-1.256 0.663-1.745 1.152-0.279 0.279-0.523 0.593-0.733 0.907-0.209 0.349-0.384 0.698-0.523 1.082-0.070 0.209-0.14 0.419-0.174 0.628-0.070 0.349-0.105 0.698-0.105 1.047v19.577c0 1.431 0.593 2.722 1.501 3.629 0.942 0.942 2.233 1.501 3.629 1.501h19.612c1.431 0 2.722-0.593 3.629-1.501 0.942-0.942 1.501-2.233 1.501-3.629v-19.577c0-0.349-0.035-0.698-0.105-1.047zM2.425 7.258c0-0.279 0.035-0.523 0.070-0.768s0.14-0.489 0.209-0.733c0.14-0.314 0.314-0.593 0.489-0.838 0.105-0.14 0.209-0.244 0.314-0.384 0.209-0.209 0.454-0.384 0.698-0.558 0.593-0.349 1.256-0.558 1.989-0.558h2.164v1.431c0 0.349 0.279 0.663 0.663 0.663 0.349 0 0.663-0.279 0.663-0.663v-1.431h12.702v1.431c0 0.349 0.279 0.663 0.663 0.663 0.349 0 0.663-0.279 0.663-0.663v-1.431h2.164c0.733 0 1.431 0.209 1.989 0.558 0.244 0.174 0.489 0.349 0.698 0.558 0.523 0.523 0.907 1.186 1.047 1.954 0.035 0.244 0.070 0.523 0.070 0.768v2.862h-27.254v-2.861zM29.714 26.835c0 1.082-0.419 2.059-1.117 2.757s-1.675 1.117-2.722 1.117h-19.612c-1.047 0-2.024-0.419-2.722-1.117s-1.117-1.675-1.117-2.722v-15.459h27.289v15.424z\"><\/path><\/svg>\t\t\t\t\t\t\t\t\t\t<span class=\"meta-date-text\">\n\t\t\t\t\t\t\t\t\t\t\t29. d\u00e9cembre 2025\t\t\t\t\t\t\t\t\t\t<\/span>\n\t\t\t\t\t\t\t\t\t<\/span>\n\t\t\t\t\t\t\t\t\t\t\t\t\t\t\t\t\t\t\t\t\t\t\t\t\t\t\t\t\t\t\t\t\t\t\t\t\t<\/div>\n\t\t\t\t\t\t\t\t\t\t\t\t\t\n\t\t\t\t\t\t\t\t\n\t\t\t\t\t\t\t\t\t\t\t\t\t\t\t\t\t\t\t\t\t<h2 class=\"entry-title\">\n\t\t\t\t\t<a href=\"https:\/\/www.interaxo.cz\/fr\/showroom\/\">\n\t\t\t\t\t\tSalle d'exposition\t\t\t\t\t<\/a>\n\t\t\t\t<\/h2>\n\t\t\t\t\t\t\t\t\t\t\t\t\t\t\t\t\t\t\t\t\t\t\t\t\t\t\t\t\t\t\t\t                                                            <div class=\"btn-wraper\">\n                                                                            <a class=\"elementskit-btn whitespace--normal\" id=\"\" href=\"https:\/\/www.interaxo.cz\/fr\/showroom\/\">\n                                            Afficher plus                                                                                    <\/a>\n                                    \n                                                                    <\/div>\n                                                    <\/div><!-- .elementskit-post-body END -->\n                    <\/div>\n                \n            <\/div>\n                <\/div>\n       <\/div>\t\t\t\t<\/div>\n\t\t\t\t<\/div>\n\t\t<div class=\"elementor-element elementor-element-ea98985 e-flex e-con-boxed e-con e-parent\" data-id=\"ea98985\" data-element_type=\"container\">\n\t\t\t\t\t<div class=\"e-con-inner\">\n\t\t\t\t<div class=\"elementor-element elementor-element-8eee83e elementor-widget elementor-widget-spacer\" data-id=\"8eee83e\" data-element_type=\"widget\" data-widget_type=\"spacer.default\">\n\t\t\t\t\t\t\t<div class=\"elementor-spacer\">\n\t\t\t<div class=\"elementor-spacer-inner\"><\/div>\n\t\t<\/div>\n\t\t\t\t\t\t<\/div>\n\t\t\t\t\t<\/div>\n\t\t\t\t<\/div>\n\t\t<div class=\"elementor-element elementor-element-4903a3a e-flex e-con-boxed e-con e-parent\" data-id=\"4903a3a\" data-element_type=\"container\" data-settings=\"{&quot;background_background&quot;:&quot;classic&quot;}\">\n\t\t\t\t\t<div class=\"e-con-inner\">\n\t\t<div class=\"elementor-element elementor-element-1c4bad7 e-con-full e-flex e-con e-child\" data-id=\"1c4bad7\" data-element_type=\"container\">\n\t\t<div class=\"elementor-element elementor-element-f963a66 e-con-full e-flex e-con e-child\" data-id=\"f963a66\" data-element_type=\"container\" data-settings=\"{&quot;background_background&quot;:&quot;classic&quot;}\">\n\t\t\t\t<div class=\"elementor-element elementor-element-2e83836 elementor-widget elementor-widget-elementskit-heading\" data-id=\"2e83836\" data-element_type=\"widget\" data-widget_type=\"elementskit-heading.default\">\n\t\t\t\t\t<div class=\"ekit-wid-con\" ><div class=\"ekit-heading elementskit-section-title-wraper text_center   ekit_heading_tablet-   ekit_heading_mobile-\"><h3 class=\"elementskit-section-subtitle\">\n\t\t\t\t\t\tVous avez une question ?\n\t\t\t\t\t<\/h3><h2 class=\"ekit-heading--title elementskit-section-title\">Contactez-nous<\/h2><\/div><\/div>\t\t\t\t<\/div>\n\t\t<div class=\"elementor-element elementor-element-130457b e-con-full e-flex e-con e-child\" data-id=\"130457b\" data-element_type=\"container\">\n\t\t<div class=\"elementor-element elementor-element-c18b824 e-con-full e-flex e-con e-child\" data-id=\"c18b824\" data-element_type=\"container\" data-settings=\"{&quot;background_background&quot;:&quot;classic&quot;}\">\n\t\t\t\t<div class=\"elementor-element elementor-element-671a719 ekit-equal-height-disable elementor-widget elementor-widget-elementskit-icon-box\" data-id=\"671a719\" data-element_type=\"widget\" data-widget_type=\"elementskit-icon-box.default\">\n\t\t\t\t\t<div class=\"ekit-wid-con\" >        <!-- link opening -->\n                <a href=\"#\" class=\"ekit_global_links\">\n                <!-- end link opening -->\n\n        <div class=\"elementskit-infobox text-left text-left icon-top-align elementor-animation-\">\n                    <div class=\"elementskit-box-header elementor-animation-\">\n                <div class=\"elementskit-info-box-icon\">\n                    <svg class=\"elementkit-infobox-icon ekit-svg-icon icon-envelope1\" viewbox=\"0 0 32 32\" xmlns=\"http:\/\/www.w3.org\/2000\/svg\"><path d=\"M28 9.6h-25.6c-1.323 0-2.4 1.077-2.4 2.4v14.4c0 1.323 1.077 2.4 2.4 2.4h25.6c1.323 0 2.4-1.077 2.4-2.4v-14.4c0-1.323-1.077-2.4-2.4-2.4zM28 11.2c0.047 0 0.093 0.005 0.139 0.013l-12.051 8.034c-0.464 0.31-1.311 0.31-1.775 0l-12.051-8.034c0.045-0.008 0.091-0.013 0.139-0.013h25.6zM28 27.2h-25.6c-0.441 0-0.8-0.359-0.8-0.8v-13.705l11.825 7.883c0.498 0.332 1.136 0.498 1.775 0.498s1.277-0.166 1.775-0.498l11.825-7.883v13.705c0 0.441-0.359 0.8-0.8 0.8z\"><\/path><\/svg>\n                <\/div>\n          <\/div>\n                        <div class=\"box-body\">\n                            <h3 class=\"elementskit-info-box-title\">\n                    Appelez-nous ou envoyez-nous un e-mail                <\/h3>\n                        \t\t  \t<p>info@interaxo.cz <\/p>\n                                <\/div>\n        \n        \n                <\/div>\n                <\/a>\n        <\/div>\t\t\t\t<\/div>\n\t\t\t\t<div class=\"elementor-element elementor-element-f38f4ba ekit-equal-height-disable elementor-widget elementor-widget-elementskit-icon-box\" data-id=\"f38f4ba\" data-element_type=\"widget\" data-widget_type=\"elementskit-icon-box.default\">\n\t\t\t\t\t<div class=\"ekit-wid-con\" >        <!-- link opening -->\n                <a href=\"#\" class=\"ekit_global_links\">\n                <!-- end link opening -->\n\n        <div class=\"elementskit-infobox text-left text-left icon-top-align elementor-animation-\">\n                    <div class=\"elementskit-box-header elementor-animation-\">\n                <div class=\"elementskit-info-box-icon\">\n                    <svg class=\"elementkit-infobox-icon ekit-svg-icon icon-phone-call2\" viewbox=\"0 0 32 32\" xmlns=\"http:\/\/www.w3.org\/2000\/svg\"><path d=\"M30.637 22.825l-2.794-2.794c-0.844-0.844-2.344-0.781-3.119 0.063-1.819 2.019-2.538 2.275-2.731 2.344-0.325 0.063-0.65 0.063-0.975 0.063-2.6 0-6.050-1.95-8.45-4.944-2.019-2.469-2.994-5.137-2.6-7.15 0.063-0.131 0.325-0.912 2.344-2.731 0.456-0.388 0.713-0.975 0.713-1.563s-0.262-1.169-0.65-1.563l-2.794-2.794c-0.713-0.712-1.888-0.844-2.731-0.262-2.8 2.019-6.119 4.75-6.119 6.7 0 8.325 15.15 23.475 23.475 23.475 2.019 0 4.744-3.319 6.7-6.113 0.581-0.844 0.45-2.012-0.269-2.731zM29.925 24.906c-2.406 3.381-4.619 5.525-5.656 5.525-7.675 0-22.238-14.563-22.238-22.238 0-1.106 2.081-3.25 5.525-5.656 0.331-0.212 0.75-0.2 1.106 0.194l2.794 2.794c0.4 0.425 0.2 1.063-0.063 1.3-2.213 2.019-2.6 2.925-2.731 3.444-0.456 2.406 0.588 5.394 2.863 8.194 2.669 3.25 6.375 5.394 9.425 5.394 0.456 0 0.844-0.063 1.238-0.131 0.519-0.131 1.431-0.519 3.444-2.731 0.325-0.387 0.975-0.387 1.3-0.063l2.863 2.863c0.325 0.269 0.394 0.788 0.131 1.113zM25.569 7.156c2.144 2.144 3.056 5.2 2.538 8.125l1.238 0.194c0.587-3.381-0.519-6.825-2.863-9.231-2.538-2.538-6.175-3.575-9.688-2.794l0.262 1.237c3.050-0.719 6.238 0.194 8.512 2.469zM24.594 14.831c0.325-1.887-0.262-3.838-1.625-5.2-1.431-1.431-3.444-2.019-5.462-1.563l0.262 1.238c1.563-0.325 3.188 0.131 4.294 1.238s1.563 2.6 1.3 4.094l1.231 0.194z\"><\/path><\/svg>\n                <\/div>\n          <\/div>\n                        <div class=\"box-body\">\n                            <h3 class=\"elementskit-info-box-title\">\n                    Appelez-nous ou envoyez-nous un e-mail                <\/h3>\n                        \t\t  \t<p>XXXXXXXXXXXX<\/p>\n                                <\/div>\n        \n        \n                <\/div>\n                <\/a>\n        <\/div>\t\t\t\t<\/div>\n\t\t\t\t<\/div>\n\t\t<div class=\"elementor-element elementor-element-55d2cc4 e-con-full e-flex e-con e-child\" data-id=\"55d2cc4\" data-element_type=\"container\" data-settings=\"{&quot;background_background&quot;:&quot;classic&quot;}\">\n\t\t\t\t<div class=\"elementor-element elementor-element-601c8ff elementor-widget elementor-widget-elementskit-contact-form7\" data-id=\"601c8ff\" data-element_type=\"widget\" data-widget_type=\"elementskit-contact-form7.default\">\n\t\t\t\t\t<div class=\"ekit-wid-con\" ><div class=\"ekit-form\">\n<div class=\"wpcf7 no-js\" id=\"wpcf7-f8-p476-o1\" lang=\"sk-SK\" dir=\"ltr\" data-wpcf7-id=\"8\">\n<div class=\"screen-reader-response\"><p role=\"status\" aria-live=\"polite\" aria-atomic=\"true\"><\/p> <ul><\/ul><\/div>\n<form action=\"\/fr\/projects\/#wpcf7-f8-p476-o1\" method=\"post\" class=\"wpcf7-form init\" aria-label=\"Formulaire de contact\" novalidate=\"novalidate\" data-status=\"init\" data-trp-original-action=\"\/projects\/#wpcf7-f8-p476-o1\">\n<fieldset class=\"hidden-fields-container\"><input type=\"hidden\" name=\"_wpcf7\" value=\"8\" \/><input type=\"hidden\" name=\"_wpcf7_version\" value=\"6.1.4\" \/><input type=\"hidden\" name=\"_wpcf7_locale\" value=\"sk_SK\" \/><input type=\"hidden\" name=\"_wpcf7_unit_tag\" value=\"wpcf7-f8-p476-o1\" \/><input type=\"hidden\" name=\"_wpcf7_container_post\" value=\"476\" \/><input type=\"hidden\" name=\"_wpcf7_posted_data_hash\" value=\"\" \/>\n<\/fieldset>\n<p><label>Votre nom<br \/>\n<span class=\"wpcf7-form-control-wrap\" data-name=\"your-name\"><input size=\"40\" maxlength=\"400\" class=\"wpcf7-form-control wpcf7-text wpcf7-validates-as-required\" aria-required=\"true\" aria-invalid=\"false\" value=\"\" type=\"text\" name=\"your-name\" \/><\/span><br \/>\n<\/label>\n<\/p>\n<p><label>Votre nom de famille<br \/>\n<span class=\"wpcf7-form-control-wrap\" data-name=\"your-surname\"><input size=\"40\" maxlength=\"400\" class=\"wpcf7-form-control wpcf7-text wpcf7-validates-as-required\" aria-required=\"true\" aria-invalid=\"false\" value=\"\" type=\"text\" name=\"your-surname\" \/><\/span><br \/>\n<\/label>\n<\/p>\n<p><label>Your email<br \/>\n<span class=\"wpcf7-form-control-wrap\" data-name=\"your-email\"><input size=\"40\" maxlength=\"400\" class=\"wpcf7-form-control wpcf7-email wpcf7-validates-as-required wpcf7-text wpcf7-validates-as-email\" aria-required=\"true\" aria-invalid=\"false\" value=\"\" type=\"email\" name=\"your-email\" \/><\/span><br \/>\n<\/label>\n<\/p>\n<p><label>Quel service vous int\u00e9resse ?<br \/>\n<span class=\"wpcf7-form-control-wrap\" data-name=\"your-service\"><select class=\"wpcf7-form-control wpcf7-select wpcf7-validates-as-required\" aria-required=\"true\" aria-invalid=\"false\" name=\"your-service\"><option value=\"Please select an option\">Please select an option<\/option><option value=\"Interior Installation\">Interior Installation<\/option><option value=\"Kitchen Assembly\">Kitchen Assembly<\/option><option value=\"Custom Installations\">Custom Installations<\/option><\/select><\/span><br \/>\n<\/label>\n<\/p>\n<p><label>Votre message<br \/>\n<span class=\"wpcf7-form-control-wrap\" data-name=\"your-message\"><textarea cols=\"40\" rows=\"10\" maxlength=\"2000\" class=\"wpcf7-form-control wpcf7-textarea\" aria-invalid=\"false\" name=\"your-message\"><\/textarea><\/span><br \/>\n<\/label>\n<\/p>\n<p><input class=\"wpcf7-form-control wpcf7-submit has-spinner\" type=\"submit\" value=\"Soumettre\" \/>\n<\/p><div class=\"wpcf7-response-output\" aria-hidden=\"true\"><\/div>\n<input type=\"hidden\" name=\"trp-form-language\" value=\"fr\"\/><\/form>\n<\/div>\n<\/div><\/div>\t\t\t\t<\/div>\n\t\t\t\t<\/div>\n\t\t\t\t<\/div>\n\t\t\t\t<\/div>\n\t\t\t\t<\/div>\n\t\t\t\t\t<\/div>\n\t\t\t\t<\/div>\n\t\t\t\t<\/div>","protected":false},"excerpt":{"rendered":"<p>About our Projects Here you will find our projects and implementations that we are currently working on or have completed. 26. janu\u00e1ra 2026 Modern interior for everyday use Show More 22. janu\u00e1ra 2026 Interior-Restaurant-Space-Solution Show More 29. decembra 2025 ShowRoom Show More Have question ? Contact Us Let\u2019s Call or Email info@interaxo.cz Let\u2019s Call or [&hellip;]<\/p>","protected":false},"author":1,"featured_media":0,"parent":0,"menu_order":0,"comment_status":"closed","ping_status":"closed","template":"","meta":{"footnotes":""},"class_list":["post-476","page","type-page","status-publish","hentry"],"_links":{"self":[{"href":"https:\/\/www.interaxo.cz\/fr\/wp-json\/wp\/v2\/pages\/476","targetHints":{"allow":["GET"]}}],"collection":[{"href":"https:\/\/www.interaxo.cz\/fr\/wp-json\/wp\/v2\/pages"}],"about":[{"href":"https:\/\/www.interaxo.cz\/fr\/wp-json\/wp\/v2\/types\/page"}],"author":[{"embeddable":true,"href":"https:\/\/www.interaxo.cz\/fr\/wp-json\/wp\/v2\/users\/1"}],"replies":[{"embeddable":true,"href":"https:\/\/www.interaxo.cz\/fr\/wp-json\/wp\/v2\/comments?post=476"}],"version-history":[{"count":51,"href":"https:\/\/www.interaxo.cz\/fr\/wp-json\/wp\/v2\/pages\/476\/revisions"}],"predecessor-version":[{"id":1149,"href":"https:\/\/www.interaxo.cz\/fr\/wp-json\/wp\/v2\/pages\/476\/revisions\/1149"}],"wp:attachment":[{"href":"https:\/\/www.interaxo.cz\/fr\/wp-json\/wp\/v2\/media?parent=476"}],"curies":[{"name":"wp","href":"https:\/\/api.w.org\/{rel}","templated":true}]}}