{"id":756,"date":"2026-01-24T16:23:06","date_gmt":"2026-01-24T15:23:06","guid":{"rendered":"https:\/\/www.interaxo.cz\/?page_id=756"},"modified":"2026-02-04T21:24:31","modified_gmt":"2026-02-04T20:24:31","slug":"services","status":"publish","type":"page","link":"https:\/\/www.interaxo.cz\/cs\/services\/","title":{"rendered":"Slu\u017eby"},"content":{"rendered":"<div data-elementor-type=\"wp-page\" data-elementor-id=\"756\" class=\"elementor elementor-756\" data-elementor-post-type=\"page\">\n\t\t\t\t<div class=\"elementor-element elementor-element-1598307 e-flex e-con-boxed e-con e-parent\" data-id=\"1598307\" data-element_type=\"container\">\n\t\t\t\t\t<div class=\"e-con-inner\">\n\t\t\t\t<div class=\"elementor-element elementor-element-9b3a887 elementor-widget elementor-widget-elementskit-heading\" data-id=\"9b3a887\" data-element_type=\"widget\" data-widget_type=\"elementskit-heading.default\">\n\t\t\t\t\t<div class=\"ekit-wid-con\" ><div class=\"ekit-heading elementskit-section-title-wraper text_left   ekit_heading_tablet-   ekit_heading_mobile-\"><div class=\"ekit_heading_separetor_wraper ekit_heading_elementskit-border-divider elementskit-style-long\"><div class=\"elementskit-border-divider elementskit-style-long\"><\/div><\/div><h2 class=\"ekit-heading--title elementskit-section-title\">Na\u0161e slu\u017eby<\/h2><\/div><\/div>\t\t\t\t<\/div>\n\t\t<div class=\"elementor-element elementor-element-95db8c2 e-con-full e-grid e-con e-child\" data-id=\"95db8c2\" data-element_type=\"container\">\n\t\t\t\t<div class=\"elementor-element elementor-element-2c45fe6 ekit-equal-height-disable elementor-widget elementor-widget-elementskit-image-box\" data-id=\"2c45fe6\" data-element_type=\"widget\" data-widget_type=\"elementskit-image-box.default\">\n\t\t\t\t\t<div class=\"ekit-wid-con\" >\n            <div class=\"elementskit-info-image-box ekit-image-box text-left style-modern\" >\n\n                <a href=\"https:\/\/www.interaxo.cz\/cs\/interior-installation\/\">\n                <div class=\"elementskit-box-header image-box-img-left\">\n\n                    <img fetchpriority=\"high\" decoding=\"async\" width=\"1200\" height=\"1600\" src=\"https:\/\/www.interaxo.cz\/wp-content\/uploads\/2025\/12\/WhatsApp-Image-2025-12-23-at-13.07.30-4.jpeg\" class=\"attachment-full size-full wp-image-148\" alt=\"\" srcset=\"https:\/\/www.interaxo.cz\/wp-content\/uploads\/2025\/12\/WhatsApp-Image-2025-12-23-at-13.07.30-4.jpeg 1200w, https:\/\/www.interaxo.cz\/wp-content\/uploads\/2025\/12\/WhatsApp-Image-2025-12-23-at-13.07.30-4-225x300.jpeg 225w, https:\/\/www.interaxo.cz\/wp-content\/uploads\/2025\/12\/WhatsApp-Image-2025-12-23-at-13.07.30-4-768x1024.jpeg 768w, https:\/\/www.interaxo.cz\/wp-content\/uploads\/2025\/12\/WhatsApp-Image-2025-12-23-at-13.07.30-4-1152x1536.jpeg 1152w, https:\/\/www.interaxo.cz\/wp-content\/uploads\/2025\/12\/WhatsApp-Image-2025-12-23-at-13.07.30-4-9x12.jpeg 9w\" sizes=\"(max-width: 1200px) 100vw, 1200px\" \/>\n                <\/div>\n                <\/a>\n                <div class=\"elementskit-box-body ekit-image-box-body\">\n                    <div class=\"elementskit-box-content ekit-image-box-body-inner\">\n                                                <h3 class=\"elementskit-info-box-title\">\n\n                        Instalace interi\u00e9ru\n                        \n                    <\/h3>\n                                                            <div class=\"elementskit-box-style-content\">\n                        Prov\u00e1d\u00edme profesion\u00e1ln\u00ed mont\u00e1\u017e interi\u00e9rov\u00fdch prvk\u016f \u2013 od n\u00e1bytku a\u017e po fin\u00e1ln\u00ed detaily. Pracujeme p\u0159esn\u011b, \u010dist\u011b a spolehliv\u011b.                    <\/div>\n                                    <\/div>\n\n                            <\/div>\n            <\/div>\n    <\/div>\t\t\t\t<\/div>\n\t\t\t\t<div class=\"elementor-element elementor-element-77fc304 ekit-equal-height-disable elementor-widget elementor-widget-elementskit-image-box\" data-id=\"77fc304\" data-element_type=\"widget\" data-widget_type=\"elementskit-image-box.default\">\n\t\t\t\t\t<div class=\"ekit-wid-con\" >\n            <div class=\"elementskit-info-image-box ekit-image-box text-left style-modern\" >\n\n                <a href=\"https:\/\/www.interaxo.cz\/cs\/kitchen-assembly\/\">\n                <div class=\"elementskit-box-header image-box-img-left\">\n\n                    <img decoding=\"async\" width=\"1200\" height=\"1600\" src=\"https:\/\/www.interaxo.cz\/wp-content\/uploads\/2025\/12\/WhatsApp-Image-2025-12-23-at-13.15.21-6.jpeg\" class=\"attachment-full size-full wp-image-213\" alt=\"\" srcset=\"https:\/\/www.interaxo.cz\/wp-content\/uploads\/2025\/12\/WhatsApp-Image-2025-12-23-at-13.15.21-6.jpeg 1200w, https:\/\/www.interaxo.cz\/wp-content\/uploads\/2025\/12\/WhatsApp-Image-2025-12-23-at-13.15.21-6-225x300.jpeg 225w, https:\/\/www.interaxo.cz\/wp-content\/uploads\/2025\/12\/WhatsApp-Image-2025-12-23-at-13.15.21-6-768x1024.jpeg 768w, https:\/\/www.interaxo.cz\/wp-content\/uploads\/2025\/12\/WhatsApp-Image-2025-12-23-at-13.15.21-6-1152x1536.jpeg 1152w, https:\/\/www.interaxo.cz\/wp-content\/uploads\/2025\/12\/WhatsApp-Image-2025-12-23-at-13.15.21-6-9x12.jpeg 9w\" sizes=\"(max-width: 1200px) 100vw, 1200px\" \/>\n                <\/div>\n                <\/a>\n                <div class=\"elementskit-box-body ekit-image-box-body\">\n                    <div class=\"elementskit-box-content ekit-image-box-body-inner\">\n                                                <h3 class=\"elementskit-info-box-title\">\n\n                        Mont\u00e1\u017e kuchyn\u011b \n                        \n                    <\/h3>\n                                                            <div class=\"elementskit-box-style-content\">\n                        Ka\u017ed\u00e1 kuchyn\u011b je sestavena tak, aby dokonale zapadla do dan\u00e9ho prostoru, a kombinuje v sob\u011b p\u0159esnost, funk\u010dnost a propracovan\u00e9 detaily.                    <\/div>\n                                    <\/div>\n\n                            <\/div>\n            <\/div>\n    <\/div>\t\t\t\t<\/div>\n\t\t\t\t<div class=\"elementor-element elementor-element-006a1cb ekit-equal-height-disable elementor-widget elementor-widget-elementskit-image-box\" data-id=\"006a1cb\" data-element_type=\"widget\" data-widget_type=\"elementskit-image-box.default\">\n\t\t\t\t\t<div class=\"ekit-wid-con\" >\n            <div class=\"elementskit-info-image-box ekit-image-box text-left style-modern\" >\n\n                <a href=\"https:\/\/www.interaxo.cz\/cs\/custom-installations\/\">\n                <div class=\"elementskit-box-header image-box-img-left\">\n\n                    <img decoding=\"async\" width=\"1200\" height=\"1600\" src=\"https:\/\/www.interaxo.cz\/wp-content\/uploads\/2025\/12\/WhatsApp-Image-2025-12-23-at-13.07.47-1.jpeg\" class=\"attachment-full size-full wp-image-187\" alt=\"\" srcset=\"https:\/\/www.interaxo.cz\/wp-content\/uploads\/2025\/12\/WhatsApp-Image-2025-12-23-at-13.07.47-1.jpeg 1200w, https:\/\/www.interaxo.cz\/wp-content\/uploads\/2025\/12\/WhatsApp-Image-2025-12-23-at-13.07.47-1-225x300.jpeg 225w, https:\/\/www.interaxo.cz\/wp-content\/uploads\/2025\/12\/WhatsApp-Image-2025-12-23-at-13.07.47-1-768x1024.jpeg 768w, https:\/\/www.interaxo.cz\/wp-content\/uploads\/2025\/12\/WhatsApp-Image-2025-12-23-at-13.07.47-1-1152x1536.jpeg 1152w, https:\/\/www.interaxo.cz\/wp-content\/uploads\/2025\/12\/WhatsApp-Image-2025-12-23-at-13.07.47-1-9x12.jpeg 9w\" sizes=\"(max-width: 1200px) 100vw, 1200px\" \/>\n                <\/div>\n                <\/a>\n                <div class=\"elementskit-box-body ekit-image-box-body\">\n                    <div class=\"elementskit-box-content ekit-image-box-body-inner\">\n                                                <h3 class=\"elementskit-info-box-title\">\n\n                        Vlastn\u00ed instalace\n                        \n                    <\/h3>\n                                                            <div class=\"elementskit-box-style-content\">\n                        Instalace na m\u00edru dod\u00e1van\u00e9 s materi\u00e1ln\u00ed p\u0159esnost\u00ed, technickou odbornost\u00ed a trvalou kvalitou.                    <\/div>\n                                    <\/div>\n\n                            <\/div>\n            <\/div>\n    <\/div>\t\t\t\t<\/div>\n\t\t\t\t<\/div>\n\t\t\t\t\t<\/div>\n\t\t\t\t<\/div>\n\t\t<div class=\"elementor-element elementor-element-9eef3d7 e-flex e-con-boxed e-con e-child\" data-id=\"9eef3d7\" data-element_type=\"container\" data-settings=\"{&quot;background_background&quot;:&quot;classic&quot;}\">\n\t\t\t\t\t<div class=\"e-con-inner\">\n\t\t\t\t<div class=\"elementor-element elementor-element-ff1f1f7 elementor-widget elementor-widget-elementskit-heading\" data-id=\"ff1f1f7\" data-element_type=\"widget\" data-widget_type=\"elementskit-heading.default\">\n\t\t\t\t\t<div class=\"ekit-wid-con\" ><div class=\"ekit-heading elementskit-section-title-wraper text_center   ekit_heading_tablet-   ekit_heading_mobile-\"><h3 class=\"elementskit-section-subtitle\">\n\t\t\t\t\t\tM\u00e1te dotaz?\n\t\t\t\t\t<\/h3><h2 class=\"ekit-heading--title elementskit-section-title\">Kontaktujte n\u00e1s<\/h2><\/div><\/div>\t\t\t\t<\/div>\n\t\t<div class=\"elementor-element elementor-element-354a1e6 e-con-full e-flex e-con e-child\" data-id=\"354a1e6\" data-element_type=\"container\">\n\t\t<div class=\"elementor-element elementor-element-ba62c10 e-con-full e-flex e-con e-child\" data-id=\"ba62c10\" data-element_type=\"container\" data-settings=\"{&quot;background_background&quot;:&quot;classic&quot;}\">\n\t\t\t\t<div class=\"elementor-element elementor-element-c48d862 ekit-equal-height-disable elementor-widget elementor-widget-elementskit-icon-box\" data-id=\"c48d862\" data-element_type=\"widget\" data-widget_type=\"elementskit-icon-box.default\">\n\t\t\t\t\t<div class=\"ekit-wid-con\" >        <!-- link opening -->\n                <a href=\"#\" class=\"ekit_global_links\">\n                <!-- end link opening -->\n\n        <div class=\"elementskit-infobox text-left text-left icon-top-align elementor-animation-\">\n                    <div class=\"elementskit-box-header elementor-animation-\">\n                <div class=\"elementskit-info-box-icon\">\n                    <svg class=\"elementkit-infobox-icon ekit-svg-icon icon-envelope1\" viewbox=\"0 0 32 32\" xmlns=\"http:\/\/www.w3.org\/2000\/svg\"><path d=\"M28 9.6h-25.6c-1.323 0-2.4 1.077-2.4 2.4v14.4c0 1.323 1.077 2.4 2.4 2.4h25.6c1.323 0 2.4-1.077 2.4-2.4v-14.4c0-1.323-1.077-2.4-2.4-2.4zM28 11.2c0.047 0 0.093 0.005 0.139 0.013l-12.051 8.034c-0.464 0.31-1.311 0.31-1.775 0l-12.051-8.034c0.045-0.008 0.091-0.013 0.139-0.013h25.6zM28 27.2h-25.6c-0.441 0-0.8-0.359-0.8-0.8v-13.705l11.825 7.883c0.498 0.332 1.136 0.498 1.775 0.498s1.277-0.166 1.775-0.498l11.825-7.883v13.705c0 0.441-0.359 0.8-0.8 0.8z\"><\/path><\/svg>\n                <\/div>\n          <\/div>\n                        <div class=\"box-body\">\n                            <h3 class=\"elementskit-info-box-title\">\n                    Zavolejte n\u00e1m nebo po\u0161lete e-mail                <\/h3>\n                        \t\t  \t<p>info@interaxo.cz <\/p>\n                                <\/div>\n        \n        \n                <\/div>\n                <\/a>\n        <\/div>\t\t\t\t<\/div>\n\t\t\t\t<div class=\"elementor-element elementor-element-73576b6 ekit-equal-height-disable elementor-widget elementor-widget-elementskit-icon-box\" data-id=\"73576b6\" data-element_type=\"widget\" data-widget_type=\"elementskit-icon-box.default\">\n\t\t\t\t\t<div class=\"ekit-wid-con\" >        <!-- link opening -->\n                <a href=\"#\" class=\"ekit_global_links\">\n                <!-- end link opening -->\n\n        <div class=\"elementskit-infobox text-left text-left icon-top-align elementor-animation-\">\n                    <div class=\"elementskit-box-header elementor-animation-\">\n                <div class=\"elementskit-info-box-icon\">\n                    <svg class=\"elementkit-infobox-icon ekit-svg-icon icon-phone-call2\" viewbox=\"0 0 32 32\" xmlns=\"http:\/\/www.w3.org\/2000\/svg\"><path d=\"M30.637 22.825l-2.794-2.794c-0.844-0.844-2.344-0.781-3.119 0.063-1.819 2.019-2.538 2.275-2.731 2.344-0.325 0.063-0.65 0.063-0.975 0.063-2.6 0-6.050-1.95-8.45-4.944-2.019-2.469-2.994-5.137-2.6-7.15 0.063-0.131 0.325-0.912 2.344-2.731 0.456-0.388 0.713-0.975 0.713-1.563s-0.262-1.169-0.65-1.563l-2.794-2.794c-0.713-0.712-1.888-0.844-2.731-0.262-2.8 2.019-6.119 4.75-6.119 6.7 0 8.325 15.15 23.475 23.475 23.475 2.019 0 4.744-3.319 6.7-6.113 0.581-0.844 0.45-2.012-0.269-2.731zM29.925 24.906c-2.406 3.381-4.619 5.525-5.656 5.525-7.675 0-22.238-14.563-22.238-22.238 0-1.106 2.081-3.25 5.525-5.656 0.331-0.212 0.75-0.2 1.106 0.194l2.794 2.794c0.4 0.425 0.2 1.063-0.063 1.3-2.213 2.019-2.6 2.925-2.731 3.444-0.456 2.406 0.588 5.394 2.863 8.194 2.669 3.25 6.375 5.394 9.425 5.394 0.456 0 0.844-0.063 1.238-0.131 0.519-0.131 1.431-0.519 3.444-2.731 0.325-0.387 0.975-0.387 1.3-0.063l2.863 2.863c0.325 0.269 0.394 0.788 0.131 1.113zM25.569 7.156c2.144 2.144 3.056 5.2 2.538 8.125l1.238 0.194c0.587-3.381-0.519-6.825-2.863-9.231-2.538-2.538-6.175-3.575-9.688-2.794l0.262 1.237c3.050-0.719 6.238 0.194 8.512 2.469zM24.594 14.831c0.325-1.887-0.262-3.838-1.625-5.2-1.431-1.431-3.444-2.019-5.462-1.563l0.262 1.238c1.563-0.325 3.188 0.131 4.294 1.238s1.563 2.6 1.3 4.094l1.231 0.194z\"><\/path><\/svg>\n                <\/div>\n          <\/div>\n                        <div class=\"box-body\">\n                            <h3 class=\"elementskit-info-box-title\">\n                    Zavolejte n\u00e1m nebo po\u0161lete e-mail                <\/h3>\n                        \t\t  \t<p>XXXXXXXXXXXX<\/p>\n                                <\/div>\n        \n        \n                <\/div>\n                <\/a>\n        <\/div>\t\t\t\t<\/div>\n\t\t\t\t<\/div>\n\t\t<div class=\"elementor-element elementor-element-8bae963 e-con-full e-flex e-con e-child\" data-id=\"8bae963\" data-element_type=\"container\" data-settings=\"{&quot;background_background&quot;:&quot;classic&quot;}\">\n\t\t\t\t<div class=\"elementor-element elementor-element-d8e2997 elementor-widget elementor-widget-elementskit-contact-form7\" data-id=\"d8e2997\" data-element_type=\"widget\" data-widget_type=\"elementskit-contact-form7.default\">\n\t\t\t\t\t<div class=\"ekit-wid-con\" ><div class=\"ekit-form\">\n<div class=\"wpcf7 no-js\" id=\"wpcf7-f8-p756-o1\" lang=\"sk-SK\" dir=\"ltr\" data-wpcf7-id=\"8\">\n<div class=\"screen-reader-response\"><p role=\"status\" aria-live=\"polite\" aria-atomic=\"true\"><\/p> <ul><\/ul><\/div>\n<form action=\"\/cs\/services\/#wpcf7-f8-p756-o1\" method=\"post\" class=\"wpcf7-form init\" aria-label=\"Kontaktn\u00ed formul\u00e1\u0159\" novalidate=\"novalidate\" data-status=\"init\" data-trp-original-action=\"\/services\/#wpcf7-f8-p756-o1\">\n<fieldset class=\"hidden-fields-container\"><input type=\"hidden\" name=\"_wpcf7\" value=\"8\" \/><input type=\"hidden\" name=\"_wpcf7_version\" value=\"6.1.4\" \/><input type=\"hidden\" name=\"_wpcf7_locale\" value=\"sk_SK\" \/><input type=\"hidden\" name=\"_wpcf7_unit_tag\" value=\"wpcf7-f8-p756-o1\" \/><input type=\"hidden\" name=\"_wpcf7_container_post\" value=\"756\" \/><input type=\"hidden\" name=\"_wpcf7_posted_data_hash\" value=\"\" \/>\n<\/fieldset>\n<p><label>Va\u0161e jm\u00e9no<br \/>\n<span class=\"wpcf7-form-control-wrap\" data-name=\"your-name\"><input size=\"40\" maxlength=\"400\" class=\"wpcf7-form-control wpcf7-text wpcf7-validates-as-required\" aria-required=\"true\" aria-invalid=\"false\" value=\"\" type=\"text\" name=\"your-name\" \/><\/span><br \/>\n<\/label>\n<\/p>\n<p><label>Va\u0161e p\u0159\u00edjmen\u00ed<br \/>\n<span class=\"wpcf7-form-control-wrap\" data-name=\"your-surname\"><input size=\"40\" maxlength=\"400\" class=\"wpcf7-form-control wpcf7-text wpcf7-validates-as-required\" aria-required=\"true\" aria-invalid=\"false\" value=\"\" type=\"text\" name=\"your-surname\" \/><\/span><br \/>\n<\/label>\n<\/p>\n<p><label>Your email<br \/>\n<span class=\"wpcf7-form-control-wrap\" data-name=\"your-email\"><input size=\"40\" maxlength=\"400\" class=\"wpcf7-form-control wpcf7-email wpcf7-validates-as-required wpcf7-text wpcf7-validates-as-email\" aria-required=\"true\" aria-invalid=\"false\" value=\"\" type=\"email\" name=\"your-email\" \/><\/span><br \/>\n<\/label>\n<\/p>\n<p><label>O kterou slu\u017ebu m\u00e1te z\u00e1jem?<br \/>\n<span class=\"wpcf7-form-control-wrap\" data-name=\"your-service\"><select class=\"wpcf7-form-control wpcf7-select wpcf7-validates-as-required\" aria-required=\"true\" aria-invalid=\"false\" name=\"your-service\"><option value=\"Please select an option\">Please select an option<\/option><option value=\"Interior Installation\">Interior Installation<\/option><option value=\"Kitchen Assembly\">Kitchen Assembly<\/option><option value=\"Custom Installations\">Custom Installations<\/option><\/select><\/span><br \/>\n<\/label>\n<\/p>\n<p><label>Va\u0161e zpr\u00e1va<br \/>\n<span class=\"wpcf7-form-control-wrap\" data-name=\"your-message\"><textarea cols=\"40\" rows=\"10\" maxlength=\"2000\" class=\"wpcf7-form-control wpcf7-textarea\" aria-invalid=\"false\" name=\"your-message\"><\/textarea><\/span><br \/>\n<\/label>\n<\/p>\n<p><input class=\"wpcf7-form-control wpcf7-submit has-spinner\" type=\"submit\" value=\"Odeslat\" \/>\n<\/p><div class=\"wpcf7-response-output\" aria-hidden=\"true\"><\/div>\n<input type=\"hidden\" name=\"trp-form-language\" value=\"cs\"\/><\/form>\n<\/div>\n<\/div><\/div>\t\t\t\t<\/div>\n\t\t\t\t<\/div>\n\t\t\t\t<\/div>\n\t\t\t\t\t<\/div>\n\t\t\t\t<\/div>\n\t\t\t\t<\/div>","protected":false},"excerpt":{"rendered":"<p>Our Services Interior installation We provide professional installation of interior elements \u2013 from furniture to final details. We work accurately, cleanly, and reliably. Kitchen assembly Each kitchen is assembled to fit the space perfectly, combining precision, functionality, and refined detail. Custom installations Bespoke installations delivered with material precision, technical expertise, and lasting quality. Have question [&hellip;]<\/p>","protected":false},"author":1,"featured_media":0,"parent":0,"menu_order":0,"comment_status":"closed","ping_status":"closed","template":"","meta":{"footnotes":""},"class_list":["post-756","page","type-page","status-publish","hentry"],"_links":{"self":[{"href":"https:\/\/www.interaxo.cz\/cs\/wp-json\/wp\/v2\/pages\/756","targetHints":{"allow":["GET"]}}],"collection":[{"href":"https:\/\/www.interaxo.cz\/cs\/wp-json\/wp\/v2\/pages"}],"about":[{"href":"https:\/\/www.interaxo.cz\/cs\/wp-json\/wp\/v2\/types\/page"}],"author":[{"embeddable":true,"href":"https:\/\/www.interaxo.cz\/cs\/wp-json\/wp\/v2\/users\/1"}],"replies":[{"embeddable":true,"href":"https:\/\/www.interaxo.cz\/cs\/wp-json\/wp\/v2\/comments?post=756"}],"version-history":[{"count":4,"href":"https:\/\/www.interaxo.cz\/cs\/wp-json\/wp\/v2\/pages\/756\/revisions"}],"predecessor-version":[{"id":1093,"href":"https:\/\/www.interaxo.cz\/cs\/wp-json\/wp\/v2\/pages\/756\/revisions\/1093"}],"wp:attachment":[{"href":"https:\/\/www.interaxo.cz\/cs\/wp-json\/wp\/v2\/media?parent=756"}],"curies":[{"name":"wp","href":"https:\/\/api.w.org\/{rel}","templated":true}]}}